{"id":2242,"date":"2021-10-25T11:40:43","date_gmt":"2021-10-25T11:40:43","guid":{"rendered":"https:\/\/wp.themedemo.org\/WCM07\/WCM070151\/?page_id=2242"},"modified":"2023-08-10T14:05:00","modified_gmt":"2023-08-10T14:05:00","slug":"curriculum","status":"publish","type":"page","link":"https:\/\/www.linogalvao.com\/en\/curriculum\/","title":{"rendered":"CURRICULUM"},"content":{"rendered":"<div data-elementor-type=\"wp-page\" data-elementor-id=\"2242\" class=\"elementor elementor-2242\">\n\t\t\t\t\t\t\t\t\t<section class=\"elementor-section elementor-top-section elementor-element elementor-element-bd045e3 elementor-section-boxed elementor-section-height-default elementor-section-height-default\" data-id=\"bd045e3\" data-element_type=\"section\">\n\t\t\t\t\t\t<div class=\"elementor-container elementor-column-gap-default\">\n\t\t\t\t\t<div class=\"elementor-column elementor-col-100 elementor-top-column elementor-element elementor-element-fdf3b7b\" data-id=\"fdf3b7b\" data-element_type=\"column\">\n\t\t\t<div class=\"elementor-widget-wrap elementor-element-populated\">\n\t\t\t\t\t\t\t\t<div class=\"elementor-element elementor-element-0c682e9 elementor-widget elementor-widget-heading\" data-id=\"0c682e9\" data-element_type=\"widget\" data-widget_type=\"heading.default\">\n\t\t\t\t<div class=\"elementor-widget-container\">\n\t\t\t<style>\/*! elementor - v3.15.0 - 02-08-2023 *\/\n.elementor-heading-title{padding:0;margin:0;line-height:1}.elementor-widget-heading .elementor-heading-title[class*=elementor-size-]>a{color:inherit;font-size:inherit;line-height:inherit}.elementor-widget-heading .elementor-heading-title.elementor-size-small{font-size:15px}.elementor-widget-heading .elementor-heading-title.elementor-size-medium{font-size:19px}.elementor-widget-heading .elementor-heading-title.elementor-size-large{font-size:29px}.elementor-widget-heading .elementor-heading-title.elementor-size-xl{font-size:39px}.elementor-widget-heading .elementor-heading-title.elementor-size-xxl{font-size:59px}<\/style><span class=\"elementor-heading-title elementor-size-default\">CURRICULUM<\/span>\t\t<\/div>\n\t\t\t\t<\/div>\n\t\t\t\t\t<\/div>\n\t\t<\/div>\n\t\t\t\t\t\t\t<\/div>\n\t\t<\/section>\n\t\t\t\t<section class=\"elementor-section elementor-top-section elementor-element elementor-element-a565416 elementor-section-boxed elementor-section-height-default elementor-section-height-default\" data-id=\"a565416\" data-element_type=\"section\">\n\t\t\t\t\t\t<div class=\"elementor-container elementor-column-gap-default\">\n\t\t\t\t\t<div class=\"elementor-column elementor-col-100 elementor-top-column elementor-element elementor-element-48f1227\" data-id=\"48f1227\" data-element_type=\"column\">\n\t\t\t<div class=\"elementor-widget-wrap elementor-element-populated\">\n\t\t\t\t\t\t\t\t<div class=\"elementor-element elementor-element-0c13b52 elementor-widget elementor-widget-heading\" data-id=\"0c13b52\" data-element_type=\"widget\" data-widget_type=\"heading.default\">\n\t\t\t\t<div class=\"elementor-widget-container\">\n\t\t\t<h2 class=\"elementor-heading-title elementor-size-default\">LINO GALV\u00c3O<\/h2>\t\t<\/div>\n\t\t\t\t<\/div>\n\t\t\t\t<div class=\"elementor-element elementor-element-fba4303 elementor-widget__width-initial elementor-widget elementor-widget-text-editor\" data-id=\"fba4303\" data-element_type=\"widget\" data-widget_type=\"text-editor.default\">\n\t\t\t\t<div class=\"elementor-widget-container\">\n\t\t\t<style>\/*! elementor - v3.15.0 - 02-08-2023 *\/\n.elementor-widget-text-editor.elementor-drop-cap-view-stacked .elementor-drop-cap{background-color:#69727d;color:#fff}.elementor-widget-text-editor.elementor-drop-cap-view-framed .elementor-drop-cap{color:#69727d;border:3px solid;background-color:transparent}.elementor-widget-text-editor:not(.elementor-drop-cap-view-default) .elementor-drop-cap{margin-top:8px}.elementor-widget-text-editor:not(.elementor-drop-cap-view-default) .elementor-drop-cap-letter{width:1em;height:1em}.elementor-widget-text-editor .elementor-drop-cap{float:left;text-align:center;line-height:1;font-size:50px}.elementor-widget-text-editor .elementor-drop-cap-letter{display:inline-block}<\/style>\t\t\t\t<p>Lino Galv\u00e3o was born in Portugal in 1961 and became a Luxembourg citizen.<br \/>He continued his secondary education at the Lyc\u00e9e Technique<br \/>des Arts et M\u00e9tiers in Luxembourg.<\/p><p>He then continued his studies at the Ecole Sup\u00e9rieure des Beaux-Arts in Nancy <br \/>and the Ecole Nationale des Beaux-Arts in Paris.<\/p><p><b>ARTISTIC EDUCATION<\/b><\/p><ul><li>1982-83: NANCY COLLEGE OF FINE ARTS<\/li><li>1983-87 : \u00c9COLE NATIONALE DES BEAUX-ARTS DE PARIS<\/li><\/ul><p><b>ATELIERS<\/b><\/p><ul><li>1986-1988: Studio at Bonnevoie, 2 rue Irmine<\/li><li>1988-1994: Atelier Gibraltar (Artists' community)<\/li><li>1998-2000: Attendance at the Schl\u00e4ifmillen studio (artists' community)<\/li><li>2005-2009: Private studio in L\u00e9velange, Luxembourg<\/li><\/ul><p><b>INDIVIDUAL EXHIBITIONS<\/b><\/p><ul><li>1988 : Theaterstiffchen, Esch-sur-Alzette, Luxembourg<\/li><li>1989: French Cultural Centre, Luxembourg<\/li><li>1991 : Bi-Pi\u2019s Kunstgalerie, Cologne, Allemagne<\/li><li>1991 : Le Kempferhof Plobsheim, Strasbourg<\/li><li>1992: Municipal Gallery, Esch-sur-Alzette, Luxembourg<\/li><li>1993: Retrospective Galerie T (Tageblatt), Esch-sur-Alzette, Luxembourg<\/li><li>1995 : Galerie Dominique Lang, Dudelange, Luxembourg<\/li><li>1998 : Capitel Gallery, Leiria, Portugal<\/li><li>2002: (Au-del\u00e0 des apparences) Portuguese Cultural Centre in Luxembourg<\/li><li>2005 : (Apesanteur) Galerie BC\/2, Bettembourg, Luxembourg<\/li><li>2005 : H\u00f4tel Royal, Luxembourg<\/li><li>2009 : (Embalar-Desembalar) Centre Culturel Portugais, Luxembourg<\/li><li>2011 : (Ailleurs est ici) Cr\u00e9dit Suisse, Luxembourg<\/li><\/ul><p><b>GROUP EXHIBITIONS<\/b><\/p><ul><li>1985 : Salon du Cercle Artistique de Luxembourg<\/li><li>1986 : Salon du Cercle Artistique de Luxembourg<\/li><li>1986 : H\u00f4tel de ville de Schifflange, Luxembourg<\/li><li>1986 : Galerie Sunnen, Bech-Kleinmacher, Luxembourg<\/li><li>1987 : Haus Metternich, Koblenz, Allemagne<\/li><li>1987 : Salon du Cercle Artistique de Luxembourg (encouragement prize for young painters)<\/li><li>1989 : Ch\u00e2teau de Vianden et ch\u00e2teau de Bourglinster, Luxembourg<\/li><li>1990: Co-founder of Atelier Gibraltar 77, A.S.B.L. Luxembourg<\/li><li>1991: CAL Expo. European Community Buildings, Brussels<\/li><li>1991 : Konschthaus Beim Engel, Luxembourg<\/li><li>1993: Co-founder of the International Sculpture Biennial, Luxembourg-Nice<\/li><li>1993 : Konschthaus Beim Engel Expo Summerakademie, Luxembourg<\/li><li>1996 : Foyer Europ\u00e9en (Regards Crois\u00e9es)<\/li><li>1996 : (La Ronde des Trois Fronti\u00e8res) Casino 2000 Mondorf-les-Bains, Luxembourg<\/li><li>1996 : Direct Art, Foire de L\u2019Art, Nice, France<\/li><li>1996: Centenary of the Lyc\u00e9e Technique des Arts et M\u00e9tiers, Am Tunnel de la Banque et Caisse d'\u00c9pargne de l'\u00c9tat, Luxembourg<\/li><li>1996 : Dessine-moi un Euro, Mus\u00e9e de la Banque et Caisse d\u2019\u00c9pargne de l\u2019\u00c9tat, Luxembourg<\/li><li>1996 : Galerie Orfeo, Luxembourg<\/li><li>1999 : Art in Beaufort, Luxembourg<\/li><li>2009 : (Redondo) Konschthaus Beim Engel, Luxembourg<\/li><li>2010 : Recent Works, Galerie Restaurant KJUB, Luxembourg<\/li><\/ul><p><b>COLLECTIONS<\/b><\/p><ul><li>Ministry of Foreign Affairs, Luxembourg<\/li><li>Ministry of Cultural Affairs, Luxembourg<\/li><li>Mus\u00e9e de l\u2019\u00c9tat, Luxembourg<\/li><li>Medal for the Ministry of Physical Education and Sport, Luxembourg<\/li><li>1991 : Sculpture (l\u2019homme a la recherche d\u2019un homme meilleur) commande OGBL<\/li><li>1995: Commemorative medal for the 50th anniversary of the Royal Philharmonic Orchestra of London<\/li><li>2005 : Sculpture (Accouchement) in front of the Comes establishments, Niederanven, Luxembourg<\/li><li>2006: Medal for the Ministry of Physical Education and Sport, Luxembourg<\/li><li>2009: European Court of Auditors, Luxembourg<\/li><\/ul>\t\t\t\t\t\t<\/div>\n\t\t\t\t<\/div>\n\t\t\t\t\t<\/div>\n\t\t<\/div>\n\t\t\t\t\t\t\t<\/div>\n\t\t<\/section>\n\t\t\t\t\t\t\t<\/div>","protected":false},"excerpt":{"rendered":"<p>CURRICULUM LINO GALV\u00c3O Lino Galv\u00e3o est n\u00e9 au Portugal en 1961 et est devenu citoyenluxembourgeois. Il a poursuivi ses \u00e9tudes secondaires au lyc\u00e9e techniquedes arts et M\u00e9tiers au Luxembourg. Puis, il a continu\u00e9 son parcours universitaire \u00e0 l&rsquo;\u00e9cole sup\u00e9rieure des Beaux-Arts de Nancy et l&rsquo;\u00e9cole nationale des Beaux-Arts de Paris. \u00c9DUCATION ARTISTIQUE 1982-83 : \u00c9COLE&#8230;<\/p>","protected":false},"author":1,"featured_media":0,"parent":0,"menu_order":0,"comment_status":"closed","ping_status":"closed","template":"","meta":{"om_disable_all_campaigns":false,"_monsterinsights_skip_tracking":false,"_monsterinsights_sitenote_active":false,"_monsterinsights_sitenote_note":"","_monsterinsights_sitenote_category":0,"_tbt_post_transparent":"","_tbt_post_title":"","_tbt_post_layout":"","_tbt_post_sidebar_id":"","_tbt_post_content_style":"","_tbt_post_vertical_padding":"","_tbt_post_feature":"","_tbt_post_feature_position":"","_tbt_post_header":false,"_tbt_post_footer":false},"class_list":["post-2242","page","type-page","status-publish","hentry"],"aioseo_notices":[],"_links":{"self":[{"href":"https:\/\/www.linogalvao.com\/en\/wp-json\/wp\/v2\/pages\/2242","targetHints":{"allow":["GET"]}}],"collection":[{"href":"https:\/\/www.linogalvao.com\/en\/wp-json\/wp\/v2\/pages"}],"about":[{"href":"https:\/\/www.linogalvao.com\/en\/wp-json\/wp\/v2\/types\/page"}],"author":[{"embeddable":true,"href":"https:\/\/www.linogalvao.com\/en\/wp-json\/wp\/v2\/users\/1"}],"replies":[{"embeddable":true,"href":"https:\/\/www.linogalvao.com\/en\/wp-json\/wp\/v2\/comments?post=2242"}],"version-history":[{"count":15,"href":"https:\/\/www.linogalvao.com\/en\/wp-json\/wp\/v2\/pages\/2242\/revisions"}],"predecessor-version":[{"id":11430,"href":"https:\/\/www.linogalvao.com\/en\/wp-json\/wp\/v2\/pages\/2242\/revisions\/11430"}],"wp:attachment":[{"href":"https:\/\/www.linogalvao.com\/en\/wp-json\/wp\/v2\/media?parent=2242"}],"curies":[{"name":"wp","href":"https:\/\/api.w.org\/{rel}","templated":true}]}}